{"id":1812,"date":"2026-01-30T21:22:03","date_gmt":"2026-01-31T02:22:03","guid":{"rendered":"https:\/\/www.eccoexe-peru.com\/?page_id=1812"},"modified":"2026-01-30T21:22:03","modified_gmt":"2026-01-31T02:22:03","slug":"catalog","status":"publish","type":"page","link":"https:\/\/www.eccoexe-peru.com\/es\/catalog\/","title":{"rendered":"Cat\u00e1logo"},"content":{"rendered":"<p>Este cat\u00e1logo presenta una selecci\u00f3n de nuestros productos, destacando sus principales caracter\u00edsticas, dise\u00f1os y propuestas. Ha sido elaborado con el objetivo de brindar una visi\u00f3n general de nuestra oferta y facilitar la elecci\u00f3n seg\u00fan sus necesidades.<\/p>\n\n\n\n\n\n<div data-wp-interactive=\"core\/file\" class=\"wp-block-file\"><object data-wp-bind--hidden=\"!state.hasPdfPreview\" hidden class=\"wp-block-file__embed\" data=\"https:\/\/www.eccoexe-peru.com\/wp-content\/uploads\/2026\/01\/06-CATALOGO-ECCO-EXE-INGLES-ALEMAN.pdf\" type=\"application\/pdf\" style=\"width:100%;height:600px\" aria-label=\"Incrustado de CATALOG - ECCO EXE.\"><\/object><a id=\"wp-block-file--media-ab95e979-2ad2-4a6e-bbc5-190e7c948e89\" href=\"https:\/\/www.eccoexe-peru.com\/wp-content\/uploads\/2026\/01\/06-CATALOGO-ECCO-EXE-INGLES-ALEMAN.pdf\">CAT\u00c1LOGO - ECCO EXE<\/a><a href=\"https:\/\/www.eccoexe-peru.com\/wp-content\/uploads\/2026\/01\/06-CATALOGO-ECCO-EXE-INGLES-ALEMAN.pdf\" class=\"wp-block-file__button wp-element-button\" download aria-describedby=\"wp-block-file--media-ab95e979-2ad2-4a6e-bbc5-190e7c948e89\">Descarga<\/a><\/div>","protected":false},"excerpt":{"rendered":"<p>Este cat\u00e1logo presenta una selecci\u00f3n de nuestros productos, destacando sus principales caracter\u00edsticas, dise\u00f1os y propuestas. Ha sido elaborado con el objetivo de brindar una visi\u00f3n general de nuestra oferta y facilitar la elecci\u00f3n seg\u00fan sus necesidades.<\/p>","protected":false},"author":1,"featured_media":0,"parent":0,"menu_order":0,"comment_status":"closed","ping_status":"closed","template":"","meta":{"_kadence_starter_templates_imported_post":false,"footnotes":""},"class_list":["post-1812","page","type-page","status-publish","hentry"],"yoast_head":"<!-- This site is optimized with the Yoast SEO plugin v27.5 - https:\/\/yoast.com\/product\/yoast-seo-wordpress\/ -->\n<title>Catalog - EccoExe Per\u00fa<\/title>\n<meta name=\"robots\" content=\"index, follow, max-snippet:-1, max-image-preview:large, max-video-preview:-1\" \/>\n<link rel=\"canonical\" href=\"https:\/\/www.eccoexe-peru.com\/es\/catalog\/\" \/>\n<meta property=\"og:locale\" content=\"es_ES\" \/>\n<meta property=\"og:type\" content=\"article\" \/>\n<meta property=\"og:title\" content=\"Catalog - EccoExe Per\u00fa\" \/>\n<meta property=\"og:description\" content=\"Este cat\u00e1logo presenta una selecci\u00f3n de nuestros productos, destacando sus principales caracter\u00edsticas, dise\u00f1os y propuestas. Ha sido elaborado con el objetivo de brindar una visi\u00f3n general de nuestra oferta y facilitar la elecci\u00f3n seg\u00fan sus necesidades.\" \/>\n<meta property=\"og:url\" content=\"https:\/\/www.eccoexe-peru.com\/es\/catalog\/\" \/>\n<meta property=\"og:site_name\" content=\"EccoExe Per\u00fa\" \/>\n<meta name=\"twitter:card\" content=\"summary_large_image\" \/>\n<script type=\"application\/ld+json\" class=\"yoast-schema-graph\">{\"@context\":\"https:\\\/\\\/schema.org\",\"@graph\":[{\"@type\":\"WebPage\",\"@id\":\"https:\\\/\\\/www.eccoexe-peru.com\\\/catalog\\\/\",\"url\":\"https:\\\/\\\/www.eccoexe-peru.com\\\/catalog\\\/\",\"name\":\"Catalog - EccoExe Per\u00fa\",\"isPartOf\":{\"@id\":\"https:\\\/\\\/www.eccoexe-peru.com\\\/#website\"},\"datePublished\":\"2026-01-31T02:22:03+00:00\",\"breadcrumb\":{\"@id\":\"https:\\\/\\\/www.eccoexe-peru.com\\\/catalog\\\/#breadcrumb\"},\"inLanguage\":\"es-PE\",\"potentialAction\":[{\"@type\":\"ReadAction\",\"target\":[\"https:\\\/\\\/www.eccoexe-peru.com\\\/catalog\\\/\"]}]},{\"@type\":\"BreadcrumbList\",\"@id\":\"https:\\\/\\\/www.eccoexe-peru.com\\\/catalog\\\/#breadcrumb\",\"itemListElement\":[{\"@type\":\"ListItem\",\"position\":1,\"name\":\"Portada\",\"item\":\"https:\\\/\\\/www.eccoexe-peru.com\\\/\"},{\"@type\":\"ListItem\",\"position\":2,\"name\":\"Catalog\"}]},{\"@type\":\"WebSite\",\"@id\":\"https:\\\/\\\/www.eccoexe-peru.com\\\/#website\",\"url\":\"https:\\\/\\\/www.eccoexe-peru.com\\\/\",\"name\":\"EccoExe Per\u00fa\",\"description\":\"En 1995 Elia funda Ecco Exe EIRL como una empresa fabricante y 100% exportadora de prendas de vestir de lana de alpaca y juguetes de punto en algod\u00f3n. Con un fuerte componente social, alineando la totalidad de sus pr\u00e1cticas organizacionales con principios del comercio justo.\",\"publisher\":{\"@id\":\"https:\\\/\\\/www.eccoexe-peru.com\\\/#organization\"},\"potentialAction\":[{\"@type\":\"SearchAction\",\"target\":{\"@type\":\"EntryPoint\",\"urlTemplate\":\"https:\\\/\\\/www.eccoexe-peru.com\\\/?s={search_term_string}\"},\"query-input\":{\"@type\":\"PropertyValueSpecification\",\"valueRequired\":true,\"valueName\":\"search_term_string\"}}],\"inLanguage\":\"es-PE\"},{\"@type\":\"Organization\",\"@id\":\"https:\\\/\\\/www.eccoexe-peru.com\\\/#organization\",\"name\":\"EccoExe Per\u00fa\",\"url\":\"https:\\\/\\\/www.eccoexe-peru.com\\\/\",\"logo\":{\"@type\":\"ImageObject\",\"inLanguage\":\"es-PE\",\"@id\":\"https:\\\/\\\/www.eccoexe-peru.com\\\/#\\\/schema\\\/logo\\\/image\\\/\",\"url\":\"https:\\\/\\\/www.eccoexe-peru.com\\\/wp-content\\\/uploads\\\/2021\\\/11\\\/Eccoexeperu-logo.png\",\"contentUrl\":\"https:\\\/\\\/www.eccoexe-peru.com\\\/wp-content\\\/uploads\\\/2021\\\/11\\\/Eccoexeperu-logo.png\",\"width\":309,\"height\":371,\"caption\":\"EccoExe Per\u00fa\"},\"image\":{\"@id\":\"https:\\\/\\\/www.eccoexe-peru.com\\\/#\\\/schema\\\/logo\\\/image\\\/\"}}]}<\/script>\n<!-- \/ Yoast SEO plugin. -->","yoast_head_json":{"title":"Catalog - EccoExe Per\u00fa","robots":{"index":"index","follow":"follow","max-snippet":"max-snippet:-1","max-image-preview":"max-image-preview:large","max-video-preview":"max-video-preview:-1"},"canonical":"https:\/\/www.eccoexe-peru.com\/es\/catalog\/","og_locale":"es_ES","og_type":"article","og_title":"Catalog - EccoExe Per\u00fa","og_description":"Este cat\u00e1logo presenta una selecci\u00f3n de nuestros productos, destacando sus principales caracter\u00edsticas, dise\u00f1os y propuestas. Ha sido elaborado con el objetivo de brindar una visi\u00f3n general de nuestra oferta y facilitar la elecci\u00f3n seg\u00fan sus necesidades.","og_url":"https:\/\/www.eccoexe-peru.com\/es\/catalog\/","og_site_name":"EccoExe Per\u00fa","twitter_card":"summary_large_image","schema":{"@context":"https:\/\/schema.org","@graph":[{"@type":"WebPage","@id":"https:\/\/www.eccoexe-peru.com\/catalog\/","url":"https:\/\/www.eccoexe-peru.com\/catalog\/","name":"Catalog - EccoExe Per\u00fa","isPartOf":{"@id":"https:\/\/www.eccoexe-peru.com\/#website"},"datePublished":"2026-01-31T02:22:03+00:00","breadcrumb":{"@id":"https:\/\/www.eccoexe-peru.com\/catalog\/#breadcrumb"},"inLanguage":"es-PE","potentialAction":[{"@type":"ReadAction","target":["https:\/\/www.eccoexe-peru.com\/catalog\/"]}]},{"@type":"BreadcrumbList","@id":"https:\/\/www.eccoexe-peru.com\/catalog\/#breadcrumb","itemListElement":[{"@type":"ListItem","position":1,"name":"Portada","item":"https:\/\/www.eccoexe-peru.com\/"},{"@type":"ListItem","position":2,"name":"Catalog"}]},{"@type":"WebSite","@id":"https:\/\/www.eccoexe-peru.com\/#website","url":"https:\/\/www.eccoexe-peru.com\/","name":"EccoExe Per\u00fa","description":"En 1995 Elia funda Ecco Exe EIRL como una empresa fabricante y 100% exportadora de prendas de vestir de lana de alpaca y juguetes de punto en algod\u00f3n. Con un fuerte componente social, alineando la totalidad de sus pr\u00e1cticas organizacionales con principios del comercio justo.","publisher":{"@id":"https:\/\/www.eccoexe-peru.com\/#organization"},"potentialAction":[{"@type":"SearchAction","target":{"@type":"EntryPoint","urlTemplate":"https:\/\/www.eccoexe-peru.com\/?s={search_term_string}"},"query-input":{"@type":"PropertyValueSpecification","valueRequired":true,"valueName":"search_term_string"}}],"inLanguage":"es-PE"},{"@type":"Organization","@id":"https:\/\/www.eccoexe-peru.com\/#organization","name":"EccoExe Per\u00fa","url":"https:\/\/www.eccoexe-peru.com\/","logo":{"@type":"ImageObject","inLanguage":"es-PE","@id":"https:\/\/www.eccoexe-peru.com\/#\/schema\/logo\/image\/","url":"https:\/\/www.eccoexe-peru.com\/wp-content\/uploads\/2021\/11\/Eccoexeperu-logo.png","contentUrl":"https:\/\/www.eccoexe-peru.com\/wp-content\/uploads\/2021\/11\/Eccoexeperu-logo.png","width":309,"height":371,"caption":"EccoExe Per\u00fa"},"image":{"@id":"https:\/\/www.eccoexe-peru.com\/#\/schema\/logo\/image\/"}}]}},"_links":{"self":[{"href":"https:\/\/www.eccoexe-peru.com\/es\/wp-json\/wp\/v2\/pages\/1812","targetHints":{"allow":["GET"]}}],"collection":[{"href":"https:\/\/www.eccoexe-peru.com\/es\/wp-json\/wp\/v2\/pages"}],"about":[{"href":"https:\/\/www.eccoexe-peru.com\/es\/wp-json\/wp\/v2\/types\/page"}],"author":[{"embeddable":true,"href":"https:\/\/www.eccoexe-peru.com\/es\/wp-json\/wp\/v2\/users\/1"}],"replies":[{"embeddable":true,"href":"https:\/\/www.eccoexe-peru.com\/es\/wp-json\/wp\/v2\/comments?post=1812"}],"version-history":[{"count":9,"href":"https:\/\/www.eccoexe-peru.com\/es\/wp-json\/wp\/v2\/pages\/1812\/revisions"}],"predecessor-version":[{"id":1822,"href":"https:\/\/www.eccoexe-peru.com\/es\/wp-json\/wp\/v2\/pages\/1812\/revisions\/1822"}],"wp:attachment":[{"href":"https:\/\/www.eccoexe-peru.com\/es\/wp-json\/wp\/v2\/media?parent=1812"}],"curies":[{"name":"wp","href":"https:\/\/api.w.org\/{rel}","templated":true}]}}